{"id":14,"date":"2014-11-08T11:24:41","date_gmt":"2014-11-08T09:24:41","guid":{"rendered":"http:\/\/localhost\/wordpress\/?page_id=7"},"modified":"2014-11-08T11:24:41","modified_gmt":"2014-11-08T09:24:41","slug":"ueber-uns","status":"publish","type":"page","link":"https:\/\/rhf-heuchelheim.de\/?page_id=14","title":{"rendered":"\u00dcber uns"},"content":{"rendered":"<p>Gegr\u00fcndet am 22.01.1954, besch\u00e4ftigte sich der Verein mit der Zucht und der Ausbildung von Hunden. Unterschieden wurde dabei in Gebrauchs-, Sch\u00f6nheits- und Jagdhunde.<\/p>\n<p>1992 fingen wir mit Breitensport (Sport mit dem Hund) an. Im Wandel der Zeit wurde es umbenannt in Turnierhundesport (THS).<br \/>\nEin Ziel ist es aus Mensch und Hund ein Team zu machen, welches gut mit den Alltagssituationen zurechtkommt (Ge\u00fcbt wird der Gehorsam und der Verkehrsteil). Dies kann sich das Team mit der Begleithundepr\u00fcfung best\u00e4tigen lassen.<\/p>\n<p>Des Weiteren bieten wir Turnierhundesport (THS) an, wo sich das Team sportlich zeigen kann. Auf Turnieren kann man sich dann mit anderen Hundesportlern aus verschiedenen Vereinen sportlich messen. Hierbei wir das miteinander des Teams sowie die Schnelligkeit bewertet.<\/p>\n<p>Angeboten werden:<\/p>\n<p><strong>Gel\u00e4ndelauf<\/strong><br \/>\nHier hat das Team eine 1, 2 oder 5km lange Strecke im Gel\u00e4nde zu durchlaufen.<\/p>\n<p><strong>Vierkampf (1 &#8211; 3)<\/strong><br \/>\nbestehend aus Gehorsamsteil, H\u00fcrdenlauf, Slalomlauf und Hindernislauf.<\/p>\n<p><strong>Hindernislauf<\/strong><br \/>\n75m Laufstrecke mit 8 Hindernissen f\u00fcr den Hund in 2 Durchg\u00e4nge<\/p>\n<p><strong>Dreikampf<\/strong><br \/>\nAnalog Vierkampf 1 Laufdisziplinen<\/p>\n<p><strong>CSC<\/strong> &#8211; Combinations-Speed-Cup<br \/>\nein Staffellauf mit 3 Teams<\/p>\n<p><strong>Shorty<\/strong><br \/>\nein Staffellauf mit 2 Teams<\/p>\n<p>Beim CSC und Shorty setzen sich die Hindernisse aus den drei Laufelementen\u00a0des Vierkampfes zusammen zuz\u00fcglich Oxer und M\u00fchlacker Harfe.<\/p>\n<p>Bei Interesse oder Fragen k\u00f6nnen Sie sich per Mail oder direkt zu den Trainingsstunden bei Uns melden.<\/p>\n","protected":false},"excerpt":{"rendered":"<p>Gegr\u00fcndet am 22.01.1954, besch\u00e4ftigte sich der Verein mit der Zucht und der Ausbildung von Hunden. Unterschieden wurde dabei in Gebrauchs-, Sch\u00f6nheits- und Jagdhunde. 1992 fingen wir mit Breitensport (Sport mit dem Hund) an. Im Wandel der Zeit wurde es umbenannt in Turnierhundesport (THS). Ein Ziel ist es aus Mensch und Hund ein Team zu machen, welches gut mit den Alltagssituationen zurechtkommt (Ge\u00fcbt wird der Gehorsam und der Verkehrsteil). Dies kann sich das Team mit der Begleithundepr\u00fcfung best\u00e4tigen lassen. Des Weiteren&hellip;<\/p>\n","protected":false},"author":2,"featured_media":0,"parent":0,"menu_order":0,"comment_status":"open","ping_status":"open","template":"","meta":{"jetpack_post_was_ever_published":false,"footnotes":""},"class_list":["post-14","page","type-page","status-publish","hentry"],"jetpack_sharing_enabled":true,"jetpack_shortlink":"https:\/\/wp.me\/P69OiN-e","jetpack-related-posts":[],"_links":{"self":[{"href":"https:\/\/rhf-heuchelheim.de\/index.php?rest_route=\/wp\/v2\/pages\/14","targetHints":{"allow":["GET"]}}],"collection":[{"href":"https:\/\/rhf-heuchelheim.de\/index.php?rest_route=\/wp\/v2\/pages"}],"about":[{"href":"https:\/\/rhf-heuchelheim.de\/index.php?rest_route=\/wp\/v2\/types\/page"}],"author":[{"embeddable":true,"href":"https:\/\/rhf-heuchelheim.de\/index.php?rest_route=\/wp\/v2\/users\/2"}],"replies":[{"embeddable":true,"href":"https:\/\/rhf-heuchelheim.de\/index.php?rest_route=%2Fwp%2Fv2%2Fcomments&post=14"}],"version-history":[{"count":0,"href":"https:\/\/rhf-heuchelheim.de\/index.php?rest_route=\/wp\/v2\/pages\/14\/revisions"}],"wp:attachment":[{"href":"https:\/\/rhf-heuchelheim.de\/index.php?rest_route=%2Fwp%2Fv2%2Fmedia&parent=14"}],"curies":[{"name":"wp","href":"https:\/\/api.w.org\/{rel}","templated":true}]}}